{"id":799,"date":"2018-08-30T18:01:52","date_gmt":"2018-08-30T21:01:52","guid":{"rendered":"https:\/\/itavila-ers.infd.edu.ar\/sitio\/autoridades\/"},"modified":"2021-02-18T21:20:58","modified_gmt":"2021-02-19T00:20:58","slug":"autoridades","status":"publish","type":"page","link":"https:\/\/itavila-ers.infd.edu.ar\/sitio\/autoridades\/","title":{"rendered":"Autoridades"},"content":{"rendered":"<p style=\"text-align: left;\"><span style=\"color: #000000; font-size: 14pt;\"><strong><span style=\"font-size: 14pt;\">R<\/span>ectora<\/strong>:\u00a0 Profesora Reisenauer, Griselda Ester<\/span><\/p>\n<p>&nbsp;<\/p>\n<p style=\"text-align: left;\"><span style=\"color: #000000; font-size: 14pt;\"><strong>Secretaria: <\/strong>Profesora Acosta, Mar\u00eda de los \u00c1ngeles<\/span><\/p>\n<p>&nbsp;<\/p>\n<p style=\"text-align: left;\"><span style=\"color: #000000; font-size: 14pt;\"><strong>Secretaria Acad\u00e9mica:\u00a0 <\/strong>Profesora Dur\u00e9, Laura Lorena<\/span><\/p>\n<p>&nbsp;<\/p>\n<p style=\"text-align: left;\"><span style=\"color: #000000;\"><span style=\"font-size: 14pt;\"><strong>Preceptoras: <\/strong>Profesora\u00a0<\/span><span style=\"font-size: 14pt;\">Gallardo,\u00a0 Marcela Cecilia &#8211; <\/span><\/span><\/p>\n<p style=\"text-align: left;\"><span style=\"color: #000000;\"><span style=\"font-size: 14pt;\">\u00a0 \u00a0 \u00a0 \u00a0 \u00a0 \u00a0 \u00a0 \u00a0 \u00a0 \u00a0 \u00a0 \u00a0 Profesora\u00a0<\/span><\/span><span style=\"font-size: 14pt; color: #000000;\">Mangisch Chanuar, Ver\u00f3nica Soledad<\/span><\/p>\n<p>&nbsp;<\/p>\n<p style=\"text-align: left;\"><span style=\"color: #000000; font-size: 14pt;\"><strong>Bibliotecaria:<\/strong>\u00a0Profesora Tabacchi, Mar\u00eda Alejandra<\/span><\/p>\n<p><span style=\"color: #003366; font-size: 14pt;\"><span style=\"color: #000000;\">\u00a0\u00a0\u00a0\u00a0\u00a0\u00a0\u00a0\u00a0\u00a0\u00a0\u00a0\u00a0\u00a0\u00a0\u00a0\u00a0\u00a0\u00a0\u00a0\u00a0\u00a0\u00a0\u00a0\u00a0\u00a0\u00a0\u00a0\u00a0\u00a0\u00a0<\/span>\u00a0\u00a0\u00a0\u00a0\u00a0\u00a0\u00a0\u00a0\u00a0\u00a0\u00a0\u00a0\u00a0\u00a0\u00a0\u00a0\u00a0\u00a0<\/span><\/p>\n<p style=\"text-align: center;\">\n","protected":false},"excerpt":{"rendered":"<p>Rectora:\u00a0 Profesora Reisenauer, Griselda Ester &nbsp; Secretaria: Profesora Acosta, Mar\u00eda de los \u00c1ngeles &nbsp; Secretaria Acad\u00e9mica:\u00a0 Profesora Dur\u00e9, Laura Lorena &nbsp; Preceptoras: Profesora\u00a0Gallardo,\u00a0 Marcela Cecilia &#8211; \u00a0 \u00a0 \u00a0 \u00a0 \u00a0 \u00a0 \u00a0 \u00a0 \u00a0 \u00a0 \u00a0 \u00a0 Profesora\u00a0Mangisch Chanuar, Ver\u00f3nica Soledad &nbsp; Bibliotecaria:\u00a0Profesora Tabacchi, Mar\u00eda Alejandra \u00a0\u00a0\u00a0\u00a0\u00a0\u00a0\u00a0\u00a0\u00a0\u00a0\u00a0\u00a0\u00a0\u00a0\u00a0\u00a0\u00a0\u00a0\u00a0\u00a0\u00a0\u00a0\u00a0\u00a0\u00a0\u00a0\u00a0\u00a0\u00a0\u00a0\u00a0\u00a0\u00a0\u00a0\u00a0\u00a0\u00a0\u00a0\u00a0\u00a0\u00a0\u00a0\u00a0\u00a0\u00a0\u00a0\u00a0\u00a0<\/p>\n","protected":false},"author":140,"featured_media":0,"parent":0,"menu_order":0,"comment_status":"closed","ping_status":"closed","template":"","meta":[],"acf":[],"_links":{"self":[{"href":"https:\/\/itavila-ers.infd.edu.ar\/sitio\/wp-json\/wp\/v2\/pages\/799"}],"collection":[{"href":"https:\/\/itavila-ers.infd.edu.ar\/sitio\/wp-json\/wp\/v2\/pages"}],"about":[{"href":"https:\/\/itavila-ers.infd.edu.ar\/sitio\/wp-json\/wp\/v2\/types\/page"}],"author":[{"embeddable":true,"href":"https:\/\/itavila-ers.infd.edu.ar\/sitio\/wp-json\/wp\/v2\/users\/140"}],"replies":[{"embeddable":true,"href":"https:\/\/itavila-ers.infd.edu.ar\/sitio\/wp-json\/wp\/v2\/comments?post=799"}],"version-history":[{"count":6,"href":"https:\/\/itavila-ers.infd.edu.ar\/sitio\/wp-json\/wp\/v2\/pages\/799\/revisions"}],"predecessor-version":[{"id":881,"href":"https:\/\/itavila-ers.infd.edu.ar\/sitio\/wp-json\/wp\/v2\/pages\/799\/revisions\/881"}],"wp:attachment":[{"href":"https:\/\/itavila-ers.infd.edu.ar\/sitio\/wp-json\/wp\/v2\/media?parent=799"}],"curies":[{"name":"wp","href":"https:\/\/api.w.org\/{rel}","templated":true}]}}