{"id":821,"date":"2018-08-30T18:02:00","date_gmt":"2018-08-30T21:02:00","guid":{"rendered":"https:\/\/itavila-ers.infd.edu.ar\/sitio\/correlatividades-2\/"},"modified":"2021-02-18T22:35:01","modified_gmt":"2021-02-19T01:35:01","slug":"correlatividades-2","status":"publish","type":"page","link":"https:\/\/itavila-ers.infd.edu.ar\/sitio\/correlatividades\/correlatividades-2\/","title":{"rendered":"Correlatividades"},"content":{"rendered":"<p style=\"text-align: center;\"><span style=\"color: #993300;\"><strong>CORRELATIVIDADES PROFESORADO DE EDUCACI\u00d3N ESPECIAL\u00a0<\/strong><\/span><\/p>\n<p style=\"text-align: center;\"><span style=\"color: #993300;\"><strong>PLAN DE ESTUDIOS 0976\/17<\/strong><\/span><\/p>\n<table style=\"height: 1126px;\" border=\"1\" width=\"738\" cellspacing=\"0\" cellpadding=\"0\" align=\"left\">\n<tbody>\n<tr>\n<td rowspan=\"11\" valign=\"top\" width=\"172\"><strong>\u00a0<\/strong><\/p>\n<p><strong>\u00a0<\/strong><\/p>\n<p><strong>\u00a0<\/strong><\/p>\n<p><strong>\u00a0<\/strong><\/p>\n<p><strong>\u00a0<\/strong><\/p>\n<p><strong>\u00a0<\/strong><\/p>\n<p><strong>\u00a0<\/strong><\/p>\n<p><strong>\u00a0<\/strong><\/p>\n<p><strong>\u00a0<\/strong><\/p>\n<p><span style=\"color: #993300;\"><strong>2do A\u00d1O<\/strong><\/span><\/td>\n<td valign=\"top\" width=\"249\">Filosof\u00eda<\/td>\n<td valign=\"top\" width=\"249\">Problem\u00e1ticas Contempor\u00e1neas de la Educaci\u00f3n Especial<\/td>\n<\/tr>\n<tr>\n<td valign=\"top\" width=\"249\">Corporeidad, Juegos y Lenguajes Art\u00edsticos<\/td>\n<td valign=\"top\" width=\"249\">Psicolog\u00eda Educacional<\/td>\n<\/tr>\n<tr>\n<td valign=\"top\" width=\"249\">Educaci\u00f3n Temprana<\/td>\n<td valign=\"top\" width=\"249\">Problem\u00e1ticas Contempor\u00e1neas de la Educaci\u00f3n Especial<\/p>\n<p>Bases Neurobiopsicol\u00f3gicas del Desarrollo<\/td>\n<\/tr>\n<tr>\n<td valign=\"top\" width=\"249\">Sujetos de la Educaci\u00f3n Especial I<\/td>\n<td valign=\"top\" width=\"249\">Pedagog\u00eda<\/p>\n<p>Psicolog\u00eda Educacional<\/td>\n<\/tr>\n<tr>\n<td valign=\"top\" width=\"249\">Ciencias Naturales y su Did\u00e1ctica I<\/td>\n<td valign=\"top\" width=\"249\">Did\u00e1ctica General<\/td>\n<\/tr>\n<tr>\n<td valign=\"top\" width=\"249\">Ciencias Sociales y su Did\u00e1ctica I<\/td>\n<td valign=\"top\" width=\"249\">Did\u00e1ctica General<\/td>\n<\/tr>\n<tr>\n<td valign=\"top\" width=\"249\">Literatura y su Did\u00e1ctica<\/td>\n<td valign=\"top\" width=\"249\">Did\u00e1ctica General<\/p>\n<p>Oralidad, Lectura, Escritura y TIC<\/p>\n<p>Lengua y su Did\u00e1ctica<\/p>\n<p>&nbsp;<\/td>\n<\/tr>\n<tr>\n<td valign=\"top\" width=\"249\">Pr\u00e1cticas Docentes II<\/td>\n<td valign=\"top\" width=\"249\">Pedagog\u00eda<\/p>\n<p>Did\u00e1ctica General<\/p>\n<p>Psicolog\u00eda Educacional<\/p>\n<p>Oralidad, lectura, Escritura y TIC<\/p>\n<p>Alfabetizaci\u00f3n Inicial<\/p>\n<p>Pr\u00e1cticas Docentes I<\/td>\n<\/tr>\n<tr>\n<td valign=\"top\" width=\"249\"><\/td>\n<td valign=\"top\" width=\"249\"><\/td>\n<\/tr>\n<tr>\n<td valign=\"top\" width=\"249\"><\/td>\n<td valign=\"top\" width=\"249\"><\/td>\n<\/tr>\n<tr>\n<td valign=\"top\" width=\"249\"><\/td>\n<td valign=\"top\" width=\"249\"><\/td>\n<\/tr>\n<\/tbody>\n<\/table>\n<p>&nbsp;<\/p>\n<p>&nbsp;<\/p>\n<p>&nbsp;<\/p>\n<p>&nbsp;<\/p>\n<p>&nbsp;<\/p>\n<p>&nbsp;<\/p>\n<p>&nbsp;<\/p>\n<p>&nbsp;<\/p>\n<p>&nbsp;<\/p>\n<p>&nbsp;<\/p>\n<p>&nbsp;<\/p>\n<table border=\"1\" cellspacing=\"0\" cellpadding=\"0\" align=\"left\">\n<tbody>\n<tr>\n<td rowspan=\"8\" valign=\"top\" width=\"172\"><strong>\u00a0<\/strong><\/p>\n<p><strong>\u00a0<\/strong><\/p>\n<p><strong>\u00a0<\/strong><\/p>\n<p><strong>\u00a0<\/strong><\/p>\n<p><strong>\u00a0<\/strong><\/p>\n<p><strong>\u00a0<\/strong><\/p>\n<p><strong>\u00a0<\/strong><\/p>\n<p><strong>\u00a0<\/strong><\/p>\n<p><strong>\u00a0<\/strong><\/p>\n<p><span style=\"color: #993300;\"><strong>3 er A\u00d1O<\/strong><\/span><\/td>\n<td valign=\"top\" width=\"249\">Historia y Pol\u00edtica de la Educaci\u00f3n Argentina<\/td>\n<td valign=\"top\" width=\"249\">Pedagog\u00eda<\/p>\n<p>Historia Social \u00a0 y Pol\u00edtica Argentina y Latinoamericana<\/td>\n<\/tr>\n<tr>\n<td valign=\"top\" width=\"249\">Sociolog\u00eda de la Educaci\u00f3n<\/td>\n<td valign=\"top\" width=\"249\">Pedagog\u00eda<\/p>\n<p>Historia Social \u00a0 y Pol\u00edtica Argentina y Latinoamericana<\/td>\n<\/tr>\n<tr>\n<td valign=\"top\" width=\"249\">Taller de Expresi\u00f3n y Movimiento<\/td>\n<td valign=\"top\" width=\"249\">Corporeidad, Juego y Lenguajes Art\u00edsticos<\/p>\n<p>Educaci\u00f3n Temprana<\/td>\n<\/tr>\n<tr>\n<td valign=\"top\" width=\"249\">Ciencias Naturales y su Did\u00e1ctica II<\/td>\n<td valign=\"top\" width=\"249\">Ciencias Naturales y su Did\u00e1ctica I<\/td>\n<\/tr>\n<tr>\n<td valign=\"top\" width=\"249\">Ciencias Sociales y su Did\u00e1ctica II<\/td>\n<td valign=\"top\" width=\"249\">Ciencias Sociales y su Did\u00e1ctica I<\/td>\n<\/tr>\n<tr>\n<td valign=\"top\" width=\"249\">Matem\u00e1tica y su Did\u00e1ctica II<\/td>\n<td valign=\"top\" width=\"249\">Matem\u00e1tica y su Did\u00e1ctica I<\/td>\n<\/tr>\n<tr>\n<td valign=\"top\" width=\"249\">Sujetos de la \u00a0 Educaci\u00f3n Especial II<\/td>\n<td valign=\"top\" width=\"249\">Problem\u00e1ticas Contempor\u00e1neas de la Educaci\u00f3n Especial<\/p>\n<p>Bases Neurobiopsicol\u00f3gicas del Desarrollo<\/p>\n<p>Sujetos de la \u00a0 Educaci\u00f3n Especial I<\/td>\n<\/tr>\n<tr>\n<td valign=\"top\" width=\"249\">Pr\u00e1ctica Psicomotriz Educativa<\/p>\n<p>&nbsp;<\/p>\n<p>&nbsp;<\/p>\n<hr \/>\n<p>Pr\u00e1cticas Docentes III<\/td>\n<td valign=\"top\" width=\"249\">Corporeidad, Juegos y lenguajes Art\u00edsticos<\/p>\n<p>Educaci\u00f3n Temprana<\/p>\n<hr \/>\n<p>Lengua y su Did\u00e1ctica<\/p>\n<p>Matem\u00e1tica y su Did\u00e1ctica I<\/p>\n<p>Educaci\u00f3n Sexual Integral<\/p>\n<p>Sujetos de la Educaci\u00f3n Especial I<\/p>\n<p>Ciencias Naturales y su Did\u00e1ctica I<\/p>\n<p>Ciencias Sociales y su Did\u00e1ctica I<\/p>\n<p>Literatura y su Did\u00e1ctica<\/p>\n<p>Pr\u00e1cticas Docentes II<\/td>\n<\/tr>\n<\/tbody>\n<\/table>\n<p>&nbsp;<\/p>\n<p>&nbsp;<\/p>\n<p>&nbsp;<\/p>\n<p>&nbsp;<\/p>\n<p>&nbsp;<\/p>\n<p>&nbsp;<\/p>\n<p>&nbsp;<\/p>\n<p>&nbsp;<\/p>\n<p>&nbsp;<\/p>\n<p>&nbsp;<\/p>\n<p>&nbsp;<\/p>\n<p>&nbsp;<\/p>\n<p>&nbsp;<\/p>\n<p>&nbsp;<\/p>\n<table border=\"1\" cellspacing=\"0\" cellpadding=\"0\" align=\"left\">\n<tbody>\n<tr>\n<td rowspan=\"4\" valign=\"top\" width=\"172\"><strong>\u00a0<\/strong><\/p>\n<p><strong>\u00a0<\/strong><\/p>\n<p><strong>\u00a0<\/strong><\/p>\n<p><strong>\u00a0<\/strong><\/p>\n<p><span style=\"color: #993300;\"><strong>4to A\u00d1O<\/strong><\/span><\/td>\n<td valign=\"top\" width=\"249\">An\u00e1lisis \u00a0 y Organizaci\u00f3n de las Instituciones Educativas<\/td>\n<td valign=\"top\" width=\"249\">Sociolog\u00eda<\/p>\n<p>Pr\u00e1cticas Docentes II<\/td>\n<\/tr>\n<tr>\n<td valign=\"top\" width=\"249\">Derechos Humanos, \u00c9tica y Ciudadan\u00eda<\/td>\n<td valign=\"top\" width=\"249\">Filosof\u00eda<\/p>\n<p>Sociolog\u00eda de la Educaci\u00f3n<\/p>\n<p>Historia Social \u00a0 y Pol\u00edtica Argentina y Latinoamericana<\/td>\n<\/tr>\n<tr>\n<td valign=\"top\" width=\"249\">Multidiscapacidad<\/td>\n<td valign=\"top\" width=\"249\">Sujetos de la \u00a0 Educaci\u00f3n Especial II<\/p>\n<p>Pr\u00e1ctica Psicomotriz Educativa<\/td>\n<\/tr>\n<tr>\n<td valign=\"top\" width=\"249\">Problem\u00e1ticas del Lenguaje<\/p>\n<p>&nbsp;<\/p>\n<p>&nbsp;<\/p>\n<hr \/>\n<p>Educaci\u00f3n Integral de\u00a0 de Adolescentes, J\u00f3venes y Adultos\u00a0 con Discapacidad<\/p>\n<hr \/>\n<p>Sujetos de la Educaci\u00f3n Especial III<\/p>\n<hr \/>\n<p>Pr\u00e1cticas Docentes IV- Residencia<\/p>\n<hr \/>\n<\/td>\n<td valign=\"top\" width=\"249\">Bases Neurobiopsicol\u00f3gicas del Desarrollo<\/p>\n<p>Sujetos de la \u00a0 Educaci\u00f3n Especial II<\/p>\n<hr \/>\n<p>Sujetos de la \u00a0 Educaci\u00f3n Especial II<\/p>\n<hr \/>\n<p>Sujetos de la \u00a0 Educaci\u00f3n Especial II<\/p>\n<hr \/>\n<p>Historia y Pol\u00edtica de la Educaci\u00f3n Argentina<\/p>\n<p>Sociolog\u00eda de la Educaci\u00f3n<\/p>\n<p>Taller de Expresi\u00f3n y Movimiento<\/p>\n<p>Ciencias Naturales y su Did\u00e1ctica II<\/p>\n<p>Ciencias Sociales y su Did\u00e1ctica II<\/p>\n<p>Matem\u00e1tica y su Did\u00e1ctica II<\/p>\n<p>Sujetos de la \u00a0 Educaci\u00f3n Especial II<\/p>\n<p>Pr\u00e1ctica Psicomotriz Educativa<\/p>\n<p>Pr\u00e1cticas Docentes III<\/p>\n<p>&nbsp;<\/p>\n<hr \/>\n<\/td>\n<\/tr>\n<\/tbody>\n<\/table>\n<p>&nbsp;<\/p>\n<p>&nbsp;<\/p>\n<p>&nbsp;<\/p>\n<p>&nbsp;<\/p>\n<p>&nbsp;<\/p>\n<p>&nbsp;<\/p>\n<p>&nbsp;<\/p>\n<p>&nbsp;<\/p>\n<p>&nbsp;<\/p>\n<p>&nbsp;<\/p>\n<p>&nbsp;<\/p>\n","protected":false},"excerpt":{"rendered":"<p>CORRELATIVIDADES PROFESORADO DE EDUCACI\u00d3N ESPECIAL\u00a0 PLAN DE ESTUDIOS 0976\/17 \u00a0 \u00a0 \u00a0 \u00a0 \u00a0 \u00a0 \u00a0 \u00a0 \u00a0 2do A\u00d1O Filosof\u00eda Problem\u00e1ticas Contempor\u00e1neas de la Educaci\u00f3n Especial Corporeidad, Juegos y Lenguajes Art\u00edsticos Psicolog\u00eda Educacional Educaci\u00f3n Temprana Problem\u00e1ticas Contempor\u00e1neas de la Educaci\u00f3n Especial Bases Neurobiopsicol\u00f3gicas del Desarrollo Sujetos de la Educaci\u00f3n Especial I Pedagog\u00eda Psicolog\u00eda Educacional &#8230; <a title=\"Correlatividades\" class=\"read-more\" href=\"https:\/\/itavila-ers.infd.edu.ar\/sitio\/correlatividades\/correlatividades-2\/\" aria-label=\"More on Correlatividades\">[+]<\/a><\/p>\n","protected":false},"author":140,"featured_media":0,"parent":819,"menu_order":0,"comment_status":"closed","ping_status":"closed","template":"","meta":[],"acf":[],"_links":{"self":[{"href":"https:\/\/itavila-ers.infd.edu.ar\/sitio\/wp-json\/wp\/v2\/pages\/821"}],"collection":[{"href":"https:\/\/itavila-ers.infd.edu.ar\/sitio\/wp-json\/wp\/v2\/pages"}],"about":[{"href":"https:\/\/itavila-ers.infd.edu.ar\/sitio\/wp-json\/wp\/v2\/types\/page"}],"author":[{"embeddable":true,"href":"https:\/\/itavila-ers.infd.edu.ar\/sitio\/wp-json\/wp\/v2\/users\/140"}],"replies":[{"embeddable":true,"href":"https:\/\/itavila-ers.infd.edu.ar\/sitio\/wp-json\/wp\/v2\/comments?post=821"}],"version-history":[{"count":5,"href":"https:\/\/itavila-ers.infd.edu.ar\/sitio\/wp-json\/wp\/v2\/pages\/821\/revisions"}],"predecessor-version":[{"id":893,"href":"https:\/\/itavila-ers.infd.edu.ar\/sitio\/wp-json\/wp\/v2\/pages\/821\/revisions\/893"}],"up":[{"embeddable":true,"href":"https:\/\/itavila-ers.infd.edu.ar\/sitio\/wp-json\/wp\/v2\/pages\/819"}],"wp:attachment":[{"href":"https:\/\/itavila-ers.infd.edu.ar\/sitio\/wp-json\/wp\/v2\/media?parent=821"}],"curies":[{"name":"wp","href":"https:\/\/api.w.org\/{rel}","templated":true}]}}